{"id":6856,"date":"2024-06-13T21:13:49","date_gmt":"2024-06-13T21:13:49","guid":{"rendered":"https:\/\/torres-orth.wordifysites.com\/devolver\/"},"modified":"2025-05-14T15:55:58","modified_gmt":"2025-05-14T15:55:58","slug":"devolver","status":"publish","type":"page","link":"https:\/\/torres-orth.wordifysites.com\/es\/devolver\/","title":{"rendered":"Retribuci\u00f3n"},"content":{"rendered":"\t\t<div data-elementor-type=\"wp-page\" data-elementor-id=\"6856\" class=\"elementor elementor-6856 elementor-4991\" data-elementor-post-type=\"page\">\n\t\t\t\t<div data-particle_enable=\"false\" data-particle-mobile-disabled=\"false\" class=\"elementor-element elementor-element-aa4d420 e-flex e-con-boxed e-con e-parent\" data-id=\"aa4d420\" data-element_type=\"container\" data-e-type=\"container\">\n\t\t\t\t\t<div class=\"e-con-inner\">\n\t\t\t\t<div class=\"elementor-element elementor-element-f67d836 elementor-widget elementor-widget-text-editor\" data-id=\"f67d836\" data-element_type=\"widget\" data-e-type=\"widget\" data-widget_type=\"text-editor.default\">\n\t\t\t\t<div class=\"elementor-widget-container\">\n\t\t\t\t\t\t\t\t\t<h2>Compromiso comunitario<\/h2><p>En Torres Orthodontics nos dedicamos a mejorar el bienestar de nuestras comunidades locales. Nuestro compromiso con la comunidad se extiende a trav\u00e9s de diversas iniciativas de apoyo a los residentes y organizaciones locales. <\/p><p><strong>Descubre c\u00f3mo influimos positivamente:<\/strong><\/p><ul><li><strong>Cuidado de crianza Angel Tree:<\/strong> Proporcionando apoyo esencial a los ni\u00f1os de acogida de la Bah\u00eda de Tampa.<\/li><li><strong>Recogida de alimentos para Feeding Tampa Bay:<\/strong> Ayudando a paliar el hambre en nuestra comunidad.<\/li><li><strong>Recogida de alimentos de Acci\u00f3n de Gracias en Westchase:<\/strong> Garantizar que las familias necesitadas disfruten de una comida festiva.<\/li><li><strong>Great American Teach-In:<\/strong> Educar e inspirar a los estudiantes locales mediante sesiones interactivas.<\/li><li><strong>D\u00eda contra el acoso escolar:<\/strong> Promoviendo un entorno seguro y respetuoso para todos.<\/li><li><strong>Patrocinio de actividades de pacientes:<\/strong> Apoyo a nuestros pacientes en sus actividades extraescolares.<\/li><\/ul><p>Mediante estas iniciativas y otras m\u00e1s, Torres Orthodontics se esfuerza por abordar los problemas sociales y fomentar una comunidad m\u00e1s fuerte y solidaria. \u00danete a nosotros para marcar la diferencia. <\/p>\t\t\t\t\t\t\t\t<\/div>\n\t\t\t\t<\/div>\n\t\t\t\t\t<\/div>\n\t\t\t\t<\/div>\n\t\t<div data-particle_enable=\"false\" data-particle-mobile-disabled=\"false\" class=\"elementor-element elementor-element-6572407 e-flex e-con-boxed e-con e-parent\" data-id=\"6572407\" data-element_type=\"container\" data-e-type=\"container\">\n\t\t\t\t\t<div class=\"e-con-inner\">\n\t\t\t\t<div class=\"elementor-element elementor-element-8673490 elementor-widget elementor-widget-image\" data-id=\"8673490\" data-element_type=\"widget\" data-e-type=\"widget\" data-widget_type=\"image.default\">\n\t\t\t\t<div class=\"elementor-widget-container\">\n\t\t\t\t\t\t\t\t\t\t\t\t\t\t\t<img fetchpriority=\"high\" decoding=\"async\" width=\"800\" height=\"436\" src=\"https:\/\/torres-orth.wordifysites.com\/wp-content\/uploads\/2024\/06\/givingback-1024x558.webp\" class=\"attachment-large size-large wp-image-6654\" alt=\"Giving back at Torres Orthodontics in Tampa and Miami Lakes, FL\" srcset=\"https:\/\/torres-orth.wordifysites.com\/wp-content\/uploads\/2024\/06\/givingback-1024x558.webp 1024w, https:\/\/torres-orth.wordifysites.com\/wp-content\/uploads\/2024\/06\/givingback-300x164.webp 300w, https:\/\/torres-orth.wordifysites.com\/wp-content\/uploads\/2024\/06\/givingback-768x419.webp 768w, https:\/\/torres-orth.wordifysites.com\/wp-content\/uploads\/2024\/06\/givingback.webp 1200w\" sizes=\"(max-width: 800px) 100vw, 800px\" \/>\t\t\t\t\t\t\t\t\t\t\t\t\t\t\t<\/div>\n\t\t\t\t<\/div>\n\t\t\t\t\t<\/div>\n\t\t\t\t<\/div>\n\t\t\t\t<\/div>\n\t\t","protected":false},"excerpt":{"rendered":"<p>Compromiso comunitario En Torres Orthodontics nos dedicamos a mejorar el bienestar de nuestras comunidades locales. Nuestro compromiso con la comunidad se extiende a trav\u00e9s de diversas iniciativas de apoyo a los residentes y organizaciones locales. Descubre c\u00f3mo influimos positivamente: Cuidado de crianza Angel Tree: Proporcionando apoyo esencial a los ni\u00f1os de acogida de la Bah\u00eda de Tampa. Recogida [&hellip;]<\/p>\n","protected":false},"author":2,"featured_media":0,"parent":0,"menu_order":38,"comment_status":"closed","ping_status":"closed","template":"","meta":{"_seopress_robots_primary_cat":"","_seopress_titles_title":"Retribuir en Torres Orthodontics en Tampa Miami Lakes FL","_seopress_titles_desc":"Nuestro compromiso con la participaci\u00f3n comunitaria se extiende a trav\u00e9s de diversas iniciativas de apoyo a los residentes y organizaciones locales de Tampa y Miami Lakes, FL.","_seopress_robots_index":"","footnotes":"","_yoast_wpseo_focuskw":"","_yoast_wpseo_metadesc":"","_yoast_wpseo_linkdex":"","_yoast_wpseo_content_score":"","rank_math_focus_keyword":"","rank_math_description":"","rank_math_seo_score":""},"class_list":["post-6856","page","type-page","status-publish"],"yoast_head":"<!-- This site is optimized with the Yoast SEO plugin v27.5 - https:\/\/yoast.com\/product\/yoast-seo-wordpress\/ -->\n<title>Retribuci\u00f3n - Orthodontist Miami Lakes Tampa FL clear aligners Braces | Torres Orthodontics<\/title>\n<meta name=\"robots\" content=\"index, follow, max-snippet:-1, max-image-preview:large, max-video-preview:-1\" \/>\n<link rel=\"canonical\" href=\"https:\/\/torres-orth.wordifysites.com\/es\/devolver\/\" \/>\n<meta property=\"og:locale\" content=\"es_ES\" \/>\n<meta property=\"og:type\" content=\"article\" \/>\n<meta property=\"og:title\" content=\"Retribuci\u00f3n - Orthodontist Miami Lakes Tampa FL clear aligners Braces | Torres Orthodontics\" \/>\n<meta property=\"og:description\" content=\"Compromiso comunitario En Torres Orthodontics nos dedicamos a mejorar el bienestar de nuestras comunidades locales. Nuestro compromiso con la comunidad se extiende a trav\u00e9s de diversas iniciativas de apoyo a los residentes y organizaciones locales. Descubre c\u00f3mo influimos positivamente: Cuidado de crianza Angel Tree: Proporcionando apoyo esencial a los ni\u00f1os de acogida de la Bah\u00eda de Tampa. Recogida [&hellip;]\" \/>\n<meta property=\"og:url\" content=\"https:\/\/torres-orth.wordifysites.com\/es\/devolver\/\" \/>\n<meta property=\"og:site_name\" content=\"Orthodontist Miami Lakes Tampa FL clear aligners Braces | Torres Orthodontics\" \/>\n<meta property=\"article:publisher\" content=\"https:\/\/www.facebook.com\/torresortho\/\" \/>\n<meta property=\"article:modified_time\" content=\"2025-05-14T15:55:58+00:00\" \/>\n<meta property=\"og:image\" content=\"https:\/\/torres-orth.wordifysites.com\/wp-content\/uploads\/2024\/06\/givingback.webp\" \/>\n\t<meta property=\"og:image:width\" content=\"1200\" \/>\n\t<meta property=\"og:image:height\" content=\"654\" \/>\n\t<meta property=\"og:image:type\" content=\"image\/webp\" \/>\n<meta name=\"twitter:card\" content=\"summary_large_image\" \/>\n<meta name=\"twitter:label1\" content=\"Tiempo de lectura\" \/>\n\t<meta name=\"twitter:data1\" content=\"1 minute\" \/>\n<script type=\"application\/ld+json\" class=\"yoast-schema-graph\">{\"@context\":\"https:\\\/\\\/schema.org\",\"@graph\":[{\"@type\":\"WebPage\",\"@id\":\"https:\\\/\\\/torres-orth.wordifysites.com\\\/es\\\/devolver\\\/\",\"url\":\"https:\\\/\\\/torres-orth.wordifysites.com\\\/es\\\/devolver\\\/\",\"name\":\"Retribuci\u00f3n - Orthodontist Miami Lakes Tampa FL clear aligners Braces | Torres Orthodontics\",\"isPartOf\":{\"@id\":\"https:\\\/\\\/torres-orth.wordifysites.com\\\/#website\"},\"primaryImageOfPage\":{\"@id\":\"https:\\\/\\\/torres-orth.wordifysites.com\\\/es\\\/devolver\\\/#primaryimage\"},\"image\":{\"@id\":\"https:\\\/\\\/torres-orth.wordifysites.com\\\/es\\\/devolver\\\/#primaryimage\"},\"thumbnailUrl\":\"https:\\\/\\\/torres-orth.wordifysites.com\\\/wp-content\\\/uploads\\\/2024\\\/06\\\/givingback-1024x558.webp\",\"datePublished\":\"2024-06-13T21:13:49+00:00\",\"dateModified\":\"2025-05-14T15:55:58+00:00\",\"breadcrumb\":{\"@id\":\"https:\\\/\\\/torres-orth.wordifysites.com\\\/es\\\/devolver\\\/#breadcrumb\"},\"inLanguage\":\"es-ES\",\"potentialAction\":[{\"@type\":\"ReadAction\",\"target\":[\"https:\\\/\\\/torres-orth.wordifysites.com\\\/es\\\/devolver\\\/\"]}]},{\"@type\":\"ImageObject\",\"inLanguage\":\"es-ES\",\"@id\":\"https:\\\/\\\/torres-orth.wordifysites.com\\\/es\\\/devolver\\\/#primaryimage\",\"url\":\"https:\\\/\\\/torres-orth.wordifysites.com\\\/wp-content\\\/uploads\\\/2024\\\/06\\\/givingback-1024x558.webp\",\"contentUrl\":\"https:\\\/\\\/torres-orth.wordifysites.com\\\/wp-content\\\/uploads\\\/2024\\\/06\\\/givingback-1024x558.webp\"},{\"@type\":\"BreadcrumbList\",\"@id\":\"https:\\\/\\\/torres-orth.wordifysites.com\\\/es\\\/devolver\\\/#breadcrumb\",\"itemListElement\":[{\"@type\":\"ListItem\",\"position\":1,\"name\":\"Home\",\"item\":\"https:\\\/\\\/torres-orth.wordifysites.com\\\/es\\\/inicio\\\/\"},{\"@type\":\"ListItem\",\"position\":2,\"name\":\"Retribuci\u00f3n\"}]},{\"@type\":\"WebSite\",\"@id\":\"https:\\\/\\\/torres-orth.wordifysites.com\\\/#website\",\"url\":\"https:\\\/\\\/torres-orth.wordifysites.com\\\/\",\"name\":\"Torres Orthodontics\",\"description\":\"Orthodontist Tampa Miami Lakes FL clear aligners Braces | Torres Orthodontics\",\"publisher\":{\"@id\":\"https:\\\/\\\/torres-orth.wordifysites.com\\\/#organization\"},\"potentialAction\":[{\"@type\":\"SearchAction\",\"target\":{\"@type\":\"EntryPoint\",\"urlTemplate\":\"https:\\\/\\\/torres-orth.wordifysites.com\\\/?s={search_term_string}\"},\"query-input\":{\"@type\":\"PropertyValueSpecification\",\"valueRequired\":true,\"valueName\":\"search_term_string\"}}],\"inLanguage\":\"es-ES\"},{\"@type\":\"Organization\",\"@id\":\"https:\\\/\\\/torres-orth.wordifysites.com\\\/#organization\",\"name\":\"Torres Orthodontics\",\"url\":\"https:\\\/\\\/torres-orth.wordifysites.com\\\/\",\"logo\":{\"@type\":\"ImageObject\",\"inLanguage\":\"es-ES\",\"@id\":\"https:\\\/\\\/torres-orth.wordifysites.com\\\/#\\\/schema\\\/logo\\\/image\\\/\",\"url\":\"https:\\\/\\\/torres-orth.wordifysites.com\\\/wp-content\\\/uploads\\\/2022\\\/03\\\/torres-orthodontics-logo-horizontal.png\",\"contentUrl\":\"https:\\\/\\\/torres-orth.wordifysites.com\\\/wp-content\\\/uploads\\\/2022\\\/03\\\/torres-orthodontics-logo-horizontal.png\",\"width\":1000,\"height\":366,\"caption\":\"Torres Orthodontics\"},\"image\":{\"@id\":\"https:\\\/\\\/torres-orth.wordifysites.com\\\/#\\\/schema\\\/logo\\\/image\\\/\"},\"sameAs\":[\"https:\\\/\\\/www.facebook.com\\\/torresortho\\\/\"]}]}<\/script>\n<!-- \/ Yoast SEO plugin. -->","yoast_head_json":{"title":"Retribuci\u00f3n - Orthodontist Miami Lakes Tampa FL clear aligners Braces | Torres Orthodontics","robots":{"index":"index","follow":"follow","max-snippet":"max-snippet:-1","max-image-preview":"max-image-preview:large","max-video-preview":"max-video-preview:-1"},"canonical":"https:\/\/torres-orth.wordifysites.com\/es\/devolver\/","og_locale":"es_ES","og_type":"article","og_title":"Retribuci\u00f3n - Orthodontist Miami Lakes Tampa FL clear aligners Braces | Torres Orthodontics","og_description":"Compromiso comunitario En Torres Orthodontics nos dedicamos a mejorar el bienestar de nuestras comunidades locales. Nuestro compromiso con la comunidad se extiende a trav\u00e9s de diversas iniciativas de apoyo a los residentes y organizaciones locales. Descubre c\u00f3mo influimos positivamente: Cuidado de crianza Angel Tree: Proporcionando apoyo esencial a los ni\u00f1os de acogida de la Bah\u00eda de Tampa. Recogida [&hellip;]","og_url":"https:\/\/torres-orth.wordifysites.com\/es\/devolver\/","og_site_name":"Orthodontist Miami Lakes Tampa FL clear aligners Braces | Torres Orthodontics","article_publisher":"https:\/\/www.facebook.com\/torresortho\/","article_modified_time":"2025-05-14T15:55:58+00:00","og_image":[{"width":1200,"height":654,"url":"https:\/\/torres-orth.wordifysites.com\/wp-content\/uploads\/2024\/06\/givingback.webp","type":"image\/webp"}],"twitter_card":"summary_large_image","twitter_misc":{"Tiempo de lectura":"1 minute"},"schema":{"@context":"https:\/\/schema.org","@graph":[{"@type":"WebPage","@id":"https:\/\/torres-orth.wordifysites.com\/es\/devolver\/","url":"https:\/\/torres-orth.wordifysites.com\/es\/devolver\/","name":"Retribuci\u00f3n - Orthodontist Miami Lakes Tampa FL clear aligners Braces | Torres Orthodontics","isPartOf":{"@id":"https:\/\/torres-orth.wordifysites.com\/#website"},"primaryImageOfPage":{"@id":"https:\/\/torres-orth.wordifysites.com\/es\/devolver\/#primaryimage"},"image":{"@id":"https:\/\/torres-orth.wordifysites.com\/es\/devolver\/#primaryimage"},"thumbnailUrl":"https:\/\/torres-orth.wordifysites.com\/wp-content\/uploads\/2024\/06\/givingback-1024x558.webp","datePublished":"2024-06-13T21:13:49+00:00","dateModified":"2025-05-14T15:55:58+00:00","breadcrumb":{"@id":"https:\/\/torres-orth.wordifysites.com\/es\/devolver\/#breadcrumb"},"inLanguage":"es-ES","potentialAction":[{"@type":"ReadAction","target":["https:\/\/torres-orth.wordifysites.com\/es\/devolver\/"]}]},{"@type":"ImageObject","inLanguage":"es-ES","@id":"https:\/\/torres-orth.wordifysites.com\/es\/devolver\/#primaryimage","url":"https:\/\/torres-orth.wordifysites.com\/wp-content\/uploads\/2024\/06\/givingback-1024x558.webp","contentUrl":"https:\/\/torres-orth.wordifysites.com\/wp-content\/uploads\/2024\/06\/givingback-1024x558.webp"},{"@type":"BreadcrumbList","@id":"https:\/\/torres-orth.wordifysites.com\/es\/devolver\/#breadcrumb","itemListElement":[{"@type":"ListItem","position":1,"name":"Home","item":"https:\/\/torres-orth.wordifysites.com\/es\/inicio\/"},{"@type":"ListItem","position":2,"name":"Retribuci\u00f3n"}]},{"@type":"WebSite","@id":"https:\/\/torres-orth.wordifysites.com\/#website","url":"https:\/\/torres-orth.wordifysites.com\/","name":"Torres Orthodontics","description":"Orthodontist Tampa Miami Lakes FL clear aligners Braces | Torres Orthodontics","publisher":{"@id":"https:\/\/torres-orth.wordifysites.com\/#organization"},"potentialAction":[{"@type":"SearchAction","target":{"@type":"EntryPoint","urlTemplate":"https:\/\/torres-orth.wordifysites.com\/?s={search_term_string}"},"query-input":{"@type":"PropertyValueSpecification","valueRequired":true,"valueName":"search_term_string"}}],"inLanguage":"es-ES"},{"@type":"Organization","@id":"https:\/\/torres-orth.wordifysites.com\/#organization","name":"Torres Orthodontics","url":"https:\/\/torres-orth.wordifysites.com\/","logo":{"@type":"ImageObject","inLanguage":"es-ES","@id":"https:\/\/torres-orth.wordifysites.com\/#\/schema\/logo\/image\/","url":"https:\/\/torres-orth.wordifysites.com\/wp-content\/uploads\/2022\/03\/torres-orthodontics-logo-horizontal.png","contentUrl":"https:\/\/torres-orth.wordifysites.com\/wp-content\/uploads\/2022\/03\/torres-orthodontics-logo-horizontal.png","width":1000,"height":366,"caption":"Torres Orthodontics"},"image":{"@id":"https:\/\/torres-orth.wordifysites.com\/#\/schema\/logo\/image\/"},"sameAs":["https:\/\/www.facebook.com\/torresortho\/"]}]}},"_links":{"self":[{"href":"https:\/\/torres-orth.wordifysites.com\/es\/wp-json\/wp\/v2\/pages\/6856","targetHints":{"allow":["GET"]}}],"collection":[{"href":"https:\/\/torres-orth.wordifysites.com\/es\/wp-json\/wp\/v2\/pages"}],"about":[{"href":"https:\/\/torres-orth.wordifysites.com\/es\/wp-json\/wp\/v2\/types\/page"}],"author":[{"embeddable":true,"href":"https:\/\/torres-orth.wordifysites.com\/es\/wp-json\/wp\/v2\/users\/2"}],"replies":[{"embeddable":true,"href":"https:\/\/torres-orth.wordifysites.com\/es\/wp-json\/wp\/v2\/comments?post=6856"}],"version-history":[{"count":5,"href":"https:\/\/torres-orth.wordifysites.com\/es\/wp-json\/wp\/v2\/pages\/6856\/revisions"}],"predecessor-version":[{"id":8419,"href":"https:\/\/torres-orth.wordifysites.com\/es\/wp-json\/wp\/v2\/pages\/6856\/revisions\/8419"}],"wp:attachment":[{"href":"https:\/\/torres-orth.wordifysites.com\/es\/wp-json\/wp\/v2\/media?parent=6856"}],"curies":[{"name":"wp","href":"https:\/\/api.w.org\/{rel}","templated":true}]}}