{"id":7158,"date":"2024-06-13T21:13:49","date_gmt":"2024-06-13T21:13:49","guid":{"rendered":"https:\/\/torres-orth.wordifysites.com\/retribuicao\/"},"modified":"2025-05-14T15:55:58","modified_gmt":"2025-05-14T15:55:58","slug":"retribuicao","status":"publish","type":"page","link":"https:\/\/torres-orth.wordifysites.com\/pt-br\/retribuicao\/","title":{"rendered":"Retribui\u00e7\u00e3o"},"content":{"rendered":"\t\t<div data-elementor-type=\"wp-page\" data-elementor-id=\"7158\" class=\"elementor elementor-7158 elementor-4991\" data-elementor-post-type=\"page\">\n\t\t\t\t<div data-particle_enable=\"false\" data-particle-mobile-disabled=\"false\" class=\"elementor-element elementor-element-aa4d420 e-flex e-con-boxed e-con e-parent\" data-id=\"aa4d420\" data-element_type=\"container\" data-e-type=\"container\">\n\t\t\t\t\t<div class=\"e-con-inner\">\n\t\t\t\t<div class=\"elementor-element elementor-element-f67d836 elementor-widget elementor-widget-text-editor\" data-id=\"f67d836\" data-element_type=\"widget\" data-e-type=\"widget\" data-widget_type=\"text-editor.default\">\n\t\t\t\t<div class=\"elementor-widget-container\">\n\t\t\t\t\t\t\t\t\t<h2>Compromisso com a comunidade<\/h2><p>Na Torres Orthodontics, n\u00f3s nos dedicamos a melhorar o bem-estar de nossas comunidades locais. Nosso compromisso com o envolvimento da comunidade se estende por meio de v\u00e1rias iniciativas de apoio a residentes e organiza\u00e7\u00f5es locais. <\/p><p><strong>Descubra como causamos um impacto positivo:<\/strong><\/p><ul><li><strong>\u00c1rvore dos Anjos do Lar Adotivo:<\/strong> Fornecendo apoio essencial a crian\u00e7as adotivas em Tampa Bay.<\/li><li><strong>Campanha de coleta de alimentos para a Feeding Tampa Bay:<\/strong> Ajudando a aliviar a fome em nossa comunidade.<\/li><li><strong>Campanha de doa\u00e7\u00e3o de alimentos para o Dia de A\u00e7\u00e3o de Gra\u00e7as em Westchase:<\/strong> Garantir que as fam\u00edlias carentes desfrutem de uma refei\u00e7\u00e3o festiva.<\/li><li><strong>Great American Teach-In:<\/strong> Educar e inspirar estudantes locais por meio de sess\u00f5es interativas.<\/li><li><strong>Dia de Combate ao Bullying:<\/strong> Promovendo um ambiente seguro e respeitoso para todos.<\/li><li><strong>Patroc\u00ednio de atividades de pacientes:<\/strong> Apoiar nossos pacientes em seus esfor\u00e7os extracurriculares.<\/li><\/ul><p>Por meio dessas iniciativas e de outras, a Torres Orthodontics se esfor\u00e7a para abordar quest\u00f5es sociais e promover uma comunidade mais forte e atenciosa. Junte-se a n\u00f3s e fa\u00e7a a diferen\u00e7a. <\/p>\t\t\t\t\t\t\t\t<\/div>\n\t\t\t\t<\/div>\n\t\t\t\t\t<\/div>\n\t\t\t\t<\/div>\n\t\t<div data-particle_enable=\"false\" data-particle-mobile-disabled=\"false\" class=\"elementor-element elementor-element-6572407 e-flex e-con-boxed e-con e-parent\" data-id=\"6572407\" data-element_type=\"container\" data-e-type=\"container\">\n\t\t\t\t\t<div class=\"e-con-inner\">\n\t\t\t\t<div class=\"elementor-element elementor-element-8673490 elementor-widget elementor-widget-image\" data-id=\"8673490\" data-element_type=\"widget\" data-e-type=\"widget\" data-widget_type=\"image.default\">\n\t\t\t\t<div class=\"elementor-widget-container\">\n\t\t\t\t\t\t\t\t\t\t\t\t\t\t\t<img fetchpriority=\"high\" decoding=\"async\" width=\"800\" height=\"436\" src=\"https:\/\/torres-orth.wordifysites.com\/wp-content\/uploads\/2024\/06\/givingback-1024x558.webp\" class=\"attachment-large size-large wp-image-7163\" alt=\"Giving back at Torres Orthodontics in Tampa and Miami Lakes, FL\" srcset=\"https:\/\/torres-orth.wordifysites.com\/wp-content\/uploads\/2024\/06\/givingback-1024x558.webp 1024w, https:\/\/torres-orth.wordifysites.com\/wp-content\/uploads\/2024\/06\/givingback-300x164.webp 300w, https:\/\/torres-orth.wordifysites.com\/wp-content\/uploads\/2024\/06\/givingback-768x419.webp 768w, https:\/\/torres-orth.wordifysites.com\/wp-content\/uploads\/2024\/06\/givingback.webp 1200w\" sizes=\"(max-width: 800px) 100vw, 800px\" \/>\t\t\t\t\t\t\t\t\t\t\t\t\t\t\t<\/div>\n\t\t\t\t<\/div>\n\t\t\t\t\t<\/div>\n\t\t\t\t<\/div>\n\t\t\t\t<\/div>\n\t\t","protected":false},"excerpt":{"rendered":"<p>Compromisso com a comunidade Na Torres Orthodontics, n\u00f3s nos dedicamos a melhorar o bem-estar de nossas comunidades locais. Nosso compromisso com o envolvimento da comunidade se estende por meio de v\u00e1rias iniciativas de apoio a residentes e organiza\u00e7\u00f5es locais. Descubra como causamos um impacto positivo: \u00c1rvore dos Anjos do Lar Adotivo: Fornecendo apoio essencial a crian\u00e7as adotivas em [&hellip;]<\/p>\n","protected":false},"author":2,"featured_media":0,"parent":0,"menu_order":37,"comment_status":"closed","ping_status":"closed","template":"","meta":{"_seopress_robots_primary_cat":"","_seopress_titles_title":"Retribuindo com a Torres Orthodontics em Tampa Miami Lakes FL","_seopress_titles_desc":"Nosso compromisso com o envolvimento da comunidade se estende por meio de v\u00e1rias iniciativas de apoio a residentes e organiza\u00e7\u00f5es locais em Tampa e Miami Lakes, FL.","_seopress_robots_index":"","footnotes":"","_yoast_wpseo_focuskw":"","_yoast_wpseo_metadesc":"","_yoast_wpseo_linkdex":"","_yoast_wpseo_content_score":"","rank_math_focus_keyword":"","rank_math_description":"","rank_math_seo_score":""},"class_list":["post-7158","page","type-page","status-publish"],"yoast_head":"<!-- This site is optimized with the Yoast SEO plugin v27.5 - https:\/\/yoast.com\/product\/yoast-seo-wordpress\/ -->\n<title>Retribui\u00e7\u00e3o - Orthodontist Miami Lakes Tampa FL clear aligners Braces | Torres Orthodontics<\/title>\n<meta name=\"robots\" content=\"index, follow, max-snippet:-1, max-image-preview:large, max-video-preview:-1\" \/>\n<link rel=\"canonical\" href=\"https:\/\/torres-orth.wordifysites.com\/pt-br\/retribuicao\/\" \/>\n<meta property=\"og:locale\" content=\"pt_BR\" \/>\n<meta property=\"og:type\" content=\"article\" \/>\n<meta property=\"og:title\" content=\"Retribui\u00e7\u00e3o - Orthodontist Miami Lakes Tampa FL clear aligners Braces | Torres Orthodontics\" \/>\n<meta property=\"og:description\" content=\"Compromisso com a comunidade Na Torres Orthodontics, n\u00f3s nos dedicamos a melhorar o bem-estar de nossas comunidades locais. Nosso compromisso com o envolvimento da comunidade se estende por meio de v\u00e1rias iniciativas de apoio a residentes e organiza\u00e7\u00f5es locais. Descubra como causamos um impacto positivo: \u00c1rvore dos Anjos do Lar Adotivo: Fornecendo apoio essencial a crian\u00e7as adotivas em [&hellip;]\" \/>\n<meta property=\"og:url\" content=\"https:\/\/torres-orth.wordifysites.com\/pt-br\/retribuicao\/\" \/>\n<meta property=\"og:site_name\" content=\"Orthodontist Miami Lakes Tampa FL clear aligners Braces | Torres Orthodontics\" \/>\n<meta property=\"article:publisher\" content=\"https:\/\/www.facebook.com\/torresortho\/\" \/>\n<meta property=\"article:modified_time\" content=\"2025-05-14T15:55:58+00:00\" \/>\n<meta property=\"og:image\" content=\"https:\/\/torres-orth.wordifysites.com\/wp-content\/uploads\/2024\/06\/givingback.webp\" \/>\n\t<meta property=\"og:image:width\" content=\"1200\" \/>\n\t<meta property=\"og:image:height\" content=\"654\" \/>\n\t<meta property=\"og:image:type\" content=\"image\/webp\" \/>\n<meta name=\"twitter:card\" content=\"summary_large_image\" \/>\n<meta name=\"twitter:label1\" content=\"Est. tempo de leitura\" \/>\n\t<meta name=\"twitter:data1\" content=\"1 minute\" \/>\n<script type=\"application\/ld+json\" class=\"yoast-schema-graph\">{\"@context\":\"https:\\\/\\\/schema.org\",\"@graph\":[{\"@type\":\"WebPage\",\"@id\":\"https:\\\/\\\/torres-orth.wordifysites.com\\\/pt-br\\\/retribuicao\\\/\",\"url\":\"https:\\\/\\\/torres-orth.wordifysites.com\\\/pt-br\\\/retribuicao\\\/\",\"name\":\"Retribui\u00e7\u00e3o - Orthodontist Miami Lakes Tampa FL clear aligners Braces | Torres Orthodontics\",\"isPartOf\":{\"@id\":\"https:\\\/\\\/torres-orth.wordifysites.com\\\/#website\"},\"primaryImageOfPage\":{\"@id\":\"https:\\\/\\\/torres-orth.wordifysites.com\\\/pt-br\\\/retribuicao\\\/#primaryimage\"},\"image\":{\"@id\":\"https:\\\/\\\/torres-orth.wordifysites.com\\\/pt-br\\\/retribuicao\\\/#primaryimage\"},\"thumbnailUrl\":\"https:\\\/\\\/torres-orth.wordifysites.com\\\/wp-content\\\/uploads\\\/2024\\\/06\\\/givingback-1024x558.webp\",\"datePublished\":\"2024-06-13T21:13:49+00:00\",\"dateModified\":\"2025-05-14T15:55:58+00:00\",\"breadcrumb\":{\"@id\":\"https:\\\/\\\/torres-orth.wordifysites.com\\\/pt-br\\\/retribuicao\\\/#breadcrumb\"},\"inLanguage\":\"pt-BR\",\"potentialAction\":[{\"@type\":\"ReadAction\",\"target\":[\"https:\\\/\\\/torres-orth.wordifysites.com\\\/pt-br\\\/retribuicao\\\/\"]}]},{\"@type\":\"ImageObject\",\"inLanguage\":\"pt-BR\",\"@id\":\"https:\\\/\\\/torres-orth.wordifysites.com\\\/pt-br\\\/retribuicao\\\/#primaryimage\",\"url\":\"https:\\\/\\\/torres-orth.wordifysites.com\\\/wp-content\\\/uploads\\\/2024\\\/06\\\/givingback-1024x558.webp\",\"contentUrl\":\"https:\\\/\\\/torres-orth.wordifysites.com\\\/wp-content\\\/uploads\\\/2024\\\/06\\\/givingback-1024x558.webp\"},{\"@type\":\"BreadcrumbList\",\"@id\":\"https:\\\/\\\/torres-orth.wordifysites.com\\\/pt-br\\\/retribuicao\\\/#breadcrumb\",\"itemListElement\":[{\"@type\":\"ListItem\",\"position\":1,\"name\":\"Home\",\"item\":\"https:\\\/\\\/torres-orth.wordifysites.com\\\/pt-br\\\/inicio\\\/\"},{\"@type\":\"ListItem\",\"position\":2,\"name\":\"Retribui\u00e7\u00e3o\"}]},{\"@type\":\"WebSite\",\"@id\":\"https:\\\/\\\/torres-orth.wordifysites.com\\\/#website\",\"url\":\"https:\\\/\\\/torres-orth.wordifysites.com\\\/\",\"name\":\"Torres Orthodontics\",\"description\":\"Orthodontist Tampa Miami Lakes FL clear aligners Braces | Torres Orthodontics\",\"publisher\":{\"@id\":\"https:\\\/\\\/torres-orth.wordifysites.com\\\/#organization\"},\"potentialAction\":[{\"@type\":\"SearchAction\",\"target\":{\"@type\":\"EntryPoint\",\"urlTemplate\":\"https:\\\/\\\/torres-orth.wordifysites.com\\\/?s={search_term_string}\"},\"query-input\":{\"@type\":\"PropertyValueSpecification\",\"valueRequired\":true,\"valueName\":\"search_term_string\"}}],\"inLanguage\":\"pt-BR\"},{\"@type\":\"Organization\",\"@id\":\"https:\\\/\\\/torres-orth.wordifysites.com\\\/#organization\",\"name\":\"Torres Orthodontics\",\"url\":\"https:\\\/\\\/torres-orth.wordifysites.com\\\/\",\"logo\":{\"@type\":\"ImageObject\",\"inLanguage\":\"pt-BR\",\"@id\":\"https:\\\/\\\/torres-orth.wordifysites.com\\\/#\\\/schema\\\/logo\\\/image\\\/\",\"url\":\"https:\\\/\\\/torres-orth.wordifysites.com\\\/wp-content\\\/uploads\\\/2022\\\/03\\\/torres-orthodontics-logo-horizontal.png\",\"contentUrl\":\"https:\\\/\\\/torres-orth.wordifysites.com\\\/wp-content\\\/uploads\\\/2022\\\/03\\\/torres-orthodontics-logo-horizontal.png\",\"width\":1000,\"height\":366,\"caption\":\"Torres Orthodontics\"},\"image\":{\"@id\":\"https:\\\/\\\/torres-orth.wordifysites.com\\\/#\\\/schema\\\/logo\\\/image\\\/\"},\"sameAs\":[\"https:\\\/\\\/www.facebook.com\\\/torresortho\\\/\"]}]}<\/script>\n<!-- \/ Yoast SEO plugin. -->","yoast_head_json":{"title":"Retribui\u00e7\u00e3o - Orthodontist Miami Lakes Tampa FL clear aligners Braces | Torres Orthodontics","robots":{"index":"index","follow":"follow","max-snippet":"max-snippet:-1","max-image-preview":"max-image-preview:large","max-video-preview":"max-video-preview:-1"},"canonical":"https:\/\/torres-orth.wordifysites.com\/pt-br\/retribuicao\/","og_locale":"pt_BR","og_type":"article","og_title":"Retribui\u00e7\u00e3o - Orthodontist Miami Lakes Tampa FL clear aligners Braces | Torres Orthodontics","og_description":"Compromisso com a comunidade Na Torres Orthodontics, n\u00f3s nos dedicamos a melhorar o bem-estar de nossas comunidades locais. Nosso compromisso com o envolvimento da comunidade se estende por meio de v\u00e1rias iniciativas de apoio a residentes e organiza\u00e7\u00f5es locais. Descubra como causamos um impacto positivo: \u00c1rvore dos Anjos do Lar Adotivo: Fornecendo apoio essencial a crian\u00e7as adotivas em [&hellip;]","og_url":"https:\/\/torres-orth.wordifysites.com\/pt-br\/retribuicao\/","og_site_name":"Orthodontist Miami Lakes Tampa FL clear aligners Braces | Torres Orthodontics","article_publisher":"https:\/\/www.facebook.com\/torresortho\/","article_modified_time":"2025-05-14T15:55:58+00:00","og_image":[{"width":1200,"height":654,"url":"https:\/\/torres-orth.wordifysites.com\/wp-content\/uploads\/2024\/06\/givingback.webp","type":"image\/webp"}],"twitter_card":"summary_large_image","twitter_misc":{"Est. tempo de leitura":"1 minute"},"schema":{"@context":"https:\/\/schema.org","@graph":[{"@type":"WebPage","@id":"https:\/\/torres-orth.wordifysites.com\/pt-br\/retribuicao\/","url":"https:\/\/torres-orth.wordifysites.com\/pt-br\/retribuicao\/","name":"Retribui\u00e7\u00e3o - Orthodontist Miami Lakes Tampa FL clear aligners Braces | Torres Orthodontics","isPartOf":{"@id":"https:\/\/torres-orth.wordifysites.com\/#website"},"primaryImageOfPage":{"@id":"https:\/\/torres-orth.wordifysites.com\/pt-br\/retribuicao\/#primaryimage"},"image":{"@id":"https:\/\/torres-orth.wordifysites.com\/pt-br\/retribuicao\/#primaryimage"},"thumbnailUrl":"https:\/\/torres-orth.wordifysites.com\/wp-content\/uploads\/2024\/06\/givingback-1024x558.webp","datePublished":"2024-06-13T21:13:49+00:00","dateModified":"2025-05-14T15:55:58+00:00","breadcrumb":{"@id":"https:\/\/torres-orth.wordifysites.com\/pt-br\/retribuicao\/#breadcrumb"},"inLanguage":"pt-BR","potentialAction":[{"@type":"ReadAction","target":["https:\/\/torres-orth.wordifysites.com\/pt-br\/retribuicao\/"]}]},{"@type":"ImageObject","inLanguage":"pt-BR","@id":"https:\/\/torres-orth.wordifysites.com\/pt-br\/retribuicao\/#primaryimage","url":"https:\/\/torres-orth.wordifysites.com\/wp-content\/uploads\/2024\/06\/givingback-1024x558.webp","contentUrl":"https:\/\/torres-orth.wordifysites.com\/wp-content\/uploads\/2024\/06\/givingback-1024x558.webp"},{"@type":"BreadcrumbList","@id":"https:\/\/torres-orth.wordifysites.com\/pt-br\/retribuicao\/#breadcrumb","itemListElement":[{"@type":"ListItem","position":1,"name":"Home","item":"https:\/\/torres-orth.wordifysites.com\/pt-br\/inicio\/"},{"@type":"ListItem","position":2,"name":"Retribui\u00e7\u00e3o"}]},{"@type":"WebSite","@id":"https:\/\/torres-orth.wordifysites.com\/#website","url":"https:\/\/torres-orth.wordifysites.com\/","name":"Torres Orthodontics","description":"Orthodontist Tampa Miami Lakes FL clear aligners Braces | Torres Orthodontics","publisher":{"@id":"https:\/\/torres-orth.wordifysites.com\/#organization"},"potentialAction":[{"@type":"SearchAction","target":{"@type":"EntryPoint","urlTemplate":"https:\/\/torres-orth.wordifysites.com\/?s={search_term_string}"},"query-input":{"@type":"PropertyValueSpecification","valueRequired":true,"valueName":"search_term_string"}}],"inLanguage":"pt-BR"},{"@type":"Organization","@id":"https:\/\/torres-orth.wordifysites.com\/#organization","name":"Torres Orthodontics","url":"https:\/\/torres-orth.wordifysites.com\/","logo":{"@type":"ImageObject","inLanguage":"pt-BR","@id":"https:\/\/torres-orth.wordifysites.com\/#\/schema\/logo\/image\/","url":"https:\/\/torres-orth.wordifysites.com\/wp-content\/uploads\/2022\/03\/torres-orthodontics-logo-horizontal.png","contentUrl":"https:\/\/torres-orth.wordifysites.com\/wp-content\/uploads\/2022\/03\/torres-orthodontics-logo-horizontal.png","width":1000,"height":366,"caption":"Torres Orthodontics"},"image":{"@id":"https:\/\/torres-orth.wordifysites.com\/#\/schema\/logo\/image\/"},"sameAs":["https:\/\/www.facebook.com\/torresortho\/"]}]}},"_links":{"self":[{"href":"https:\/\/torres-orth.wordifysites.com\/pt-br\/wp-json\/wp\/v2\/pages\/7158","targetHints":{"allow":["GET"]}}],"collection":[{"href":"https:\/\/torres-orth.wordifysites.com\/pt-br\/wp-json\/wp\/v2\/pages"}],"about":[{"href":"https:\/\/torres-orth.wordifysites.com\/pt-br\/wp-json\/wp\/v2\/types\/page"}],"author":[{"embeddable":true,"href":"https:\/\/torres-orth.wordifysites.com\/pt-br\/wp-json\/wp\/v2\/users\/2"}],"replies":[{"embeddable":true,"href":"https:\/\/torres-orth.wordifysites.com\/pt-br\/wp-json\/wp\/v2\/comments?post=7158"}],"version-history":[{"count":3,"href":"https:\/\/torres-orth.wordifysites.com\/pt-br\/wp-json\/wp\/v2\/pages\/7158\/revisions"}],"predecessor-version":[{"id":8420,"href":"https:\/\/torres-orth.wordifysites.com\/pt-br\/wp-json\/wp\/v2\/pages\/7158\/revisions\/8420"}],"wp:attachment":[{"href":"https:\/\/torres-orth.wordifysites.com\/pt-br\/wp-json\/wp\/v2\/media?parent=7158"}],"curies":[{"name":"wp","href":"https:\/\/api.w.org\/{rel}","templated":true}]}}