{"id":7200,"date":"2017-02-06T01:29:19","date_gmt":"2017-02-06T01:29:19","guid":{"rendered":"https:\/\/torres-orth.wordifysites.com\/seguro-e-financiamento\/"},"modified":"2025-05-14T17:01:47","modified_gmt":"2025-05-14T17:01:47","slug":"seguro-e-financiamento","status":"publish","type":"page","link":"https:\/\/torres-orth.wordifysites.com\/pt-br\/seguro-e-financiamento\/","title":{"rendered":"Seguro e financiamento"},"content":{"rendered":"\t\t<div data-elementor-type=\"wp-page\" data-elementor-id=\"7200\" class=\"elementor elementor-7200 elementor-26\" data-elementor-post-type=\"page\">\n\t\t\t\t\t\t<section data-particle_enable=\"false\" data-particle-mobile-disabled=\"false\" class=\"elementor-section elementor-top-section elementor-element elementor-element-40f81338 elementor-section-boxed elementor-section-height-default elementor-section-height-default\" data-id=\"40f81338\" data-element_type=\"section\" data-e-type=\"section\">\n\t\t\t\t\t\t<div class=\"elementor-container elementor-column-gap-default\">\n\t\t\t\t\t<div class=\"elementor-column elementor-col-100 elementor-top-column elementor-element elementor-element-309aeccf\" data-id=\"309aeccf\" data-element_type=\"column\" data-e-type=\"column\">\n\t\t\t<div class=\"elementor-widget-wrap elementor-element-populated\">\n\t\t\t\t\t\t<div class=\"elementor-element elementor-element-376fec3f elementor-widget elementor-widget-text-editor\" data-id=\"376fec3f\" data-element_type=\"widget\" data-e-type=\"widget\" data-widget_type=\"text-editor.default\">\n\t\t\t\t<div class=\"elementor-widget-container\">\n\t\t\t\t\t\t\t\t\t<p>Nosso compromisso na Torres Orthodontics \u00e9 tornar o tratamento ortod\u00f4ntico acess\u00edvel e econ\u00f4mico para todos. <a href=\"https:\/\/torres-orth.wordifysites.com\/doctors\/meet-dr-torres\/\">O Dr. Rodney Torres<\/a> oferece uma variedade de op\u00e7\u00f5es de pagamento adaptadas para atender \u00e0s suas necessidades:<\/p><ul><li><strong>Desconto para pagamento integral<\/strong>: Beneficie-se da economia com nosso desconto para pagamento integral.<\/li><li><strong>Financiamento sem juros<\/strong>: Aproveite as entradas baixas e as parcelas mensais acess\u00edveis.<\/li><li><strong>Desconto para v\u00e1rios membros da fam\u00edlia<\/strong>: Economia adicional quando v\u00e1rios membros da fam\u00edlia recebem tratamento.<\/li><li> <strong>Seguros: <\/strong>Aceitamos a maioria dos PPOs e, dependendo da gravidade dos casos, tamb\u00e9m aceitamos o Medicaid.<\/li><\/ul><p>O Dr. Torres oferece op\u00e7\u00f5es de saque autom\u00e1tico de contas correntes ou cart\u00f5es de cr\u00e9dito para maior conveni\u00eancia.<\/p><h3>O que est\u00e1 inclu\u00eddo em sua taxa de tratamento:<\/h3><ul><li>Registros e radiografias abrangentes<\/li><li>Todos os aparelhos ortod\u00f4nticos<\/li><li>Todas as consultas ortod\u00f4nticas, inclusive emerg\u00eancias<\/li><li>Um conjunto de <a href=\"https:\/\/torres-orth.wordifysites.com\/pt-br\/retentores-ortodonticos\/\">retentores<\/a><\/li><\/ul><p>Durante a consulta ortod\u00f4ntica gratuita, discutiremos todos os custos do tratamento e analisaremos as op\u00e7\u00f5es financeiras dispon\u00edveis para garantir um tratamento ortod\u00f4ntico de alta qualidade que caiba no seu or\u00e7amento.<\/p><p><em><strong>Entre em contato com a Torres Orthodontics hoje mesmo para agendar sua consulta e dar o primeiro passo em dire\u00e7\u00e3o a um sorriso confiante!<\/strong><\/em><\/p>\t\t\t\t\t\t\t\t<\/div>\n\t\t\t\t<\/div>\n\t\t\t\t\t<\/div>\n\t\t<\/div>\n\t\t\t\t\t<\/div>\n\t\t<\/section>\n\t\t\t\t<\/div>\n\t\t","protected":false},"excerpt":{"rendered":"<p>Nosso compromisso na Torres Orthodontics \u00e9 tornar o tratamento ortod\u00f4ntico acess\u00edvel e econ\u00f4mico para todos. O Dr. Rodney Torres oferece uma variedade de op\u00e7\u00f5es de pagamento adaptadas para atender \u00e0s suas necessidades: Desconto para pagamento integral: Beneficie-se da economia com nosso desconto para pagamento integral. Financiamento sem juros: Aproveite as entradas baixas e as parcelas mensais acess\u00edveis. Desconto [&hellip;]<\/p>\n","protected":false},"author":2,"featured_media":0,"parent":0,"menu_order":43,"comment_status":"closed","ping_status":"closed","template":"","meta":{"_seopress_robots_primary_cat":"","_seopress_titles_title":"Financing Braces Invisalign | Torres Orthodontics Tampa Miami Lakes FL","_seopress_titles_desc":"Multiple financing and Insurance options are available at Torres Orthodontics for affordable orthodontic care in Tampa and Miami Lakes, FL.","_seopress_robots_index":"","footnotes":"","_yoast_wpseo_focuskw":"","_yoast_wpseo_metadesc":"Na [Practice Name] em [City, ST], voc\u00ea tem acesso a op\u00e7\u00f5es f\u00e1ceis de financiamento e seguro para um tratamento ortod\u00f4ntico acess\u00edvel. Ligar para [adicionar telefone]","_yoast_wpseo_linkdex":"","_yoast_wpseo_content_score":"","rank_math_focus_keyword":"","rank_math_description":"","rank_math_seo_score":""},"class_list":["post-7200","page","type-page","status-publish"],"yoast_head":"<!-- This site is optimized with the Yoast SEO plugin v27.5 - https:\/\/yoast.com\/product\/yoast-seo-wordpress\/ -->\n<title>Easy Financing Braces Invisalign | [Practice Name] em [City, ST]<\/title>\n<meta name=\"description\" content=\"Na [Practice Name] em [City, ST], voc\u00ea tem acesso a op\u00e7\u00f5es f\u00e1ceis de financiamento e seguro para um tratamento ortod\u00f4ntico acess\u00edvel. Ligar para [adicionar telefone]\" \/>\n<meta name=\"robots\" content=\"index, follow, max-snippet:-1, max-image-preview:large, max-video-preview:-1\" \/>\n<link rel=\"canonical\" href=\"https:\/\/torres-orth.wordifysites.com\/pt-br\/seguro-e-financiamento\/\" \/>\n<meta property=\"og:locale\" content=\"pt_BR\" \/>\n<meta property=\"og:type\" content=\"article\" \/>\n<meta property=\"og:title\" content=\"Easy Financing Braces Invisalign | [Practice Name] em [City, ST]\" \/>\n<meta property=\"og:description\" content=\"Na [Practice Name] em [City, ST], voc\u00ea tem acesso a op\u00e7\u00f5es f\u00e1ceis de financiamento e seguro para um tratamento ortod\u00f4ntico acess\u00edvel. Ligar para [adicionar telefone]\" \/>\n<meta property=\"og:url\" content=\"https:\/\/torres-orth.wordifysites.com\/pt-br\/seguro-e-financiamento\/\" \/>\n<meta property=\"og:site_name\" content=\"Orthodontist Miami Lakes Tampa FL clear aligners Braces | Torres Orthodontics\" \/>\n<meta property=\"article:publisher\" content=\"https:\/\/www.facebook.com\/torresortho\/\" \/>\n<meta property=\"article:modified_time\" content=\"2025-05-14T17:01:47+00:00\" \/>\n<meta name=\"twitter:card\" content=\"summary_large_image\" \/>\n<meta name=\"twitter:label1\" content=\"Est. tempo de leitura\" \/>\n\t<meta name=\"twitter:data1\" content=\"1 minute\" \/>\n<script type=\"application\/ld+json\" class=\"yoast-schema-graph\">{\"@context\":\"https:\\\/\\\/schema.org\",\"@graph\":[{\"@type\":\"WebPage\",\"@id\":\"https:\\\/\\\/torres-orth.wordifysites.com\\\/pt-br\\\/seguro-e-financiamento\\\/\",\"url\":\"https:\\\/\\\/torres-orth.wordifysites.com\\\/pt-br\\\/seguro-e-financiamento\\\/\",\"name\":\"Easy Financing Braces Invisalign | [Practice Name] em [City, ST]\",\"isPartOf\":{\"@id\":\"https:\\\/\\\/torres-orth.wordifysites.com\\\/#website\"},\"datePublished\":\"2017-02-06T01:29:19+00:00\",\"dateModified\":\"2025-05-14T17:01:47+00:00\",\"description\":\"Na [Practice Name] em [City, ST], voc\u00ea tem acesso a op\u00e7\u00f5es f\u00e1ceis de financiamento e seguro para um tratamento ortod\u00f4ntico acess\u00edvel. Ligar para [adicionar telefone]\",\"breadcrumb\":{\"@id\":\"https:\\\/\\\/torres-orth.wordifysites.com\\\/pt-br\\\/seguro-e-financiamento\\\/#breadcrumb\"},\"inLanguage\":\"pt-BR\",\"potentialAction\":[{\"@type\":\"ReadAction\",\"target\":[\"https:\\\/\\\/torres-orth.wordifysites.com\\\/pt-br\\\/seguro-e-financiamento\\\/\"]}]},{\"@type\":\"BreadcrumbList\",\"@id\":\"https:\\\/\\\/torres-orth.wordifysites.com\\\/pt-br\\\/seguro-e-financiamento\\\/#breadcrumb\",\"itemListElement\":[{\"@type\":\"ListItem\",\"position\":1,\"name\":\"Home\",\"item\":\"https:\\\/\\\/torres-orth.wordifysites.com\\\/pt-br\\\/inicio\\\/\"},{\"@type\":\"ListItem\",\"position\":2,\"name\":\"Seguro e financiamento\"}]},{\"@type\":\"WebSite\",\"@id\":\"https:\\\/\\\/torres-orth.wordifysites.com\\\/#website\",\"url\":\"https:\\\/\\\/torres-orth.wordifysites.com\\\/\",\"name\":\"Torres Orthodontics\",\"description\":\"Orthodontist Tampa Miami Lakes FL clear aligners Braces | Torres Orthodontics\",\"publisher\":{\"@id\":\"https:\\\/\\\/torres-orth.wordifysites.com\\\/#organization\"},\"potentialAction\":[{\"@type\":\"SearchAction\",\"target\":{\"@type\":\"EntryPoint\",\"urlTemplate\":\"https:\\\/\\\/torres-orth.wordifysites.com\\\/?s={search_term_string}\"},\"query-input\":{\"@type\":\"PropertyValueSpecification\",\"valueRequired\":true,\"valueName\":\"search_term_string\"}}],\"inLanguage\":\"pt-BR\"},{\"@type\":\"Organization\",\"@id\":\"https:\\\/\\\/torres-orth.wordifysites.com\\\/#organization\",\"name\":\"Torres Orthodontics\",\"url\":\"https:\\\/\\\/torres-orth.wordifysites.com\\\/\",\"logo\":{\"@type\":\"ImageObject\",\"inLanguage\":\"pt-BR\",\"@id\":\"https:\\\/\\\/torres-orth.wordifysites.com\\\/#\\\/schema\\\/logo\\\/image\\\/\",\"url\":\"https:\\\/\\\/torres-orth.wordifysites.com\\\/wp-content\\\/uploads\\\/2022\\\/03\\\/torres-orthodontics-logo-horizontal.png\",\"contentUrl\":\"https:\\\/\\\/torres-orth.wordifysites.com\\\/wp-content\\\/uploads\\\/2022\\\/03\\\/torres-orthodontics-logo-horizontal.png\",\"width\":1000,\"height\":366,\"caption\":\"Torres Orthodontics\"},\"image\":{\"@id\":\"https:\\\/\\\/torres-orth.wordifysites.com\\\/#\\\/schema\\\/logo\\\/image\\\/\"},\"sameAs\":[\"https:\\\/\\\/www.facebook.com\\\/torresortho\\\/\"]}]}<\/script>\n<!-- \/ Yoast SEO plugin. -->","yoast_head_json":{"title":"Easy Financing Braces Invisalign | [Practice Name] em [City, ST]","description":"Na [Practice Name] em [City, ST], voc\u00ea tem acesso a op\u00e7\u00f5es f\u00e1ceis de financiamento e seguro para um tratamento ortod\u00f4ntico acess\u00edvel. Ligar para [adicionar telefone]","robots":{"index":"index","follow":"follow","max-snippet":"max-snippet:-1","max-image-preview":"max-image-preview:large","max-video-preview":"max-video-preview:-1"},"canonical":"https:\/\/torres-orth.wordifysites.com\/pt-br\/seguro-e-financiamento\/","og_locale":"pt_BR","og_type":"article","og_title":"Easy Financing Braces Invisalign | [Practice Name] em [City, ST]","og_description":"Na [Practice Name] em [City, ST], voc\u00ea tem acesso a op\u00e7\u00f5es f\u00e1ceis de financiamento e seguro para um tratamento ortod\u00f4ntico acess\u00edvel. Ligar para [adicionar telefone]","og_url":"https:\/\/torres-orth.wordifysites.com\/pt-br\/seguro-e-financiamento\/","og_site_name":"Orthodontist Miami Lakes Tampa FL clear aligners Braces | Torres Orthodontics","article_publisher":"https:\/\/www.facebook.com\/torresortho\/","article_modified_time":"2025-05-14T17:01:47+00:00","twitter_card":"summary_large_image","twitter_misc":{"Est. tempo de leitura":"1 minute"},"schema":{"@context":"https:\/\/schema.org","@graph":[{"@type":"WebPage","@id":"https:\/\/torres-orth.wordifysites.com\/pt-br\/seguro-e-financiamento\/","url":"https:\/\/torres-orth.wordifysites.com\/pt-br\/seguro-e-financiamento\/","name":"Easy Financing Braces Invisalign | [Practice Name] em [City, ST]","isPartOf":{"@id":"https:\/\/torres-orth.wordifysites.com\/#website"},"datePublished":"2017-02-06T01:29:19+00:00","dateModified":"2025-05-14T17:01:47+00:00","description":"Na [Practice Name] em [City, ST], voc\u00ea tem acesso a op\u00e7\u00f5es f\u00e1ceis de financiamento e seguro para um tratamento ortod\u00f4ntico acess\u00edvel. Ligar para [adicionar telefone]","breadcrumb":{"@id":"https:\/\/torres-orth.wordifysites.com\/pt-br\/seguro-e-financiamento\/#breadcrumb"},"inLanguage":"pt-BR","potentialAction":[{"@type":"ReadAction","target":["https:\/\/torres-orth.wordifysites.com\/pt-br\/seguro-e-financiamento\/"]}]},{"@type":"BreadcrumbList","@id":"https:\/\/torres-orth.wordifysites.com\/pt-br\/seguro-e-financiamento\/#breadcrumb","itemListElement":[{"@type":"ListItem","position":1,"name":"Home","item":"https:\/\/torres-orth.wordifysites.com\/pt-br\/inicio\/"},{"@type":"ListItem","position":2,"name":"Seguro e financiamento"}]},{"@type":"WebSite","@id":"https:\/\/torres-orth.wordifysites.com\/#website","url":"https:\/\/torres-orth.wordifysites.com\/","name":"Torres Orthodontics","description":"Orthodontist Tampa Miami Lakes FL clear aligners Braces | Torres Orthodontics","publisher":{"@id":"https:\/\/torres-orth.wordifysites.com\/#organization"},"potentialAction":[{"@type":"SearchAction","target":{"@type":"EntryPoint","urlTemplate":"https:\/\/torres-orth.wordifysites.com\/?s={search_term_string}"},"query-input":{"@type":"PropertyValueSpecification","valueRequired":true,"valueName":"search_term_string"}}],"inLanguage":"pt-BR"},{"@type":"Organization","@id":"https:\/\/torres-orth.wordifysites.com\/#organization","name":"Torres Orthodontics","url":"https:\/\/torres-orth.wordifysites.com\/","logo":{"@type":"ImageObject","inLanguage":"pt-BR","@id":"https:\/\/torres-orth.wordifysites.com\/#\/schema\/logo\/image\/","url":"https:\/\/torres-orth.wordifysites.com\/wp-content\/uploads\/2022\/03\/torres-orthodontics-logo-horizontal.png","contentUrl":"https:\/\/torres-orth.wordifysites.com\/wp-content\/uploads\/2022\/03\/torres-orthodontics-logo-horizontal.png","width":1000,"height":366,"caption":"Torres Orthodontics"},"image":{"@id":"https:\/\/torres-orth.wordifysites.com\/#\/schema\/logo\/image\/"},"sameAs":["https:\/\/www.facebook.com\/torresortho\/"]}]}},"_links":{"self":[{"href":"https:\/\/torres-orth.wordifysites.com\/pt-br\/wp-json\/wp\/v2\/pages\/7200","targetHints":{"allow":["GET"]}}],"collection":[{"href":"https:\/\/torres-orth.wordifysites.com\/pt-br\/wp-json\/wp\/v2\/pages"}],"about":[{"href":"https:\/\/torres-orth.wordifysites.com\/pt-br\/wp-json\/wp\/v2\/types\/page"}],"author":[{"embeddable":true,"href":"https:\/\/torres-orth.wordifysites.com\/pt-br\/wp-json\/wp\/v2\/users\/2"}],"replies":[{"embeddable":true,"href":"https:\/\/torres-orth.wordifysites.com\/pt-br\/wp-json\/wp\/v2\/comments?post=7200"}],"version-history":[{"count":3,"href":"https:\/\/torres-orth.wordifysites.com\/pt-br\/wp-json\/wp\/v2\/pages\/7200\/revisions"}],"predecessor-version":[{"id":8424,"href":"https:\/\/torres-orth.wordifysites.com\/pt-br\/wp-json\/wp\/v2\/pages\/7200\/revisions\/8424"}],"wp:attachment":[{"href":"https:\/\/torres-orth.wordifysites.com\/pt-br\/wp-json\/wp\/v2\/media?parent=7200"}],"curies":[{"name":"wp","href":"https:\/\/api.w.org\/{rel}","templated":true}]}}